{"id":132,"date":"2025-12-27T11:33:01","date_gmt":"2025-12-27T11:33:01","guid":{"rendered":"https:\/\/lkfoto.dk\/?page_id=132"},"modified":"2026-02-24T21:31:41","modified_gmt":"2026-02-24T21:31:41","slug":"om-lars-klindt","status":"publish","type":"page","link":"https:\/\/lkfoto.dk\/","title":{"rendered":"Om fotografen"},"content":{"rendered":"\t\t<div data-elementor-type=\"wp-page\" data-elementor-id=\"132\" class=\"elementor elementor-132\">\n\t\t\t\t<div class=\"aux-parallax-section elementor-element elementor-element-93bd000 e-grid e-con-boxed e-con e-parent\" data-id=\"93bd000\" data-element_type=\"container\" data-e-type=\"container\">\n\t\t\t\t\t<div class=\"e-con-inner\">\n\t\t\t\t<div class=\"elementor-element elementor-element-a918a71 elementor-widget elementor-widget-aux_modern_heading\" data-id=\"a918a71\" data-element_type=\"widget\" data-e-type=\"widget\" data-widget_type=\"aux_modern_heading.default\">\n\t\t\t\t\t<section class=\"aux-widget-modern-heading\">\n            <div class=\"aux-widget-inner\"><h2 class=\"aux-modern-heading-primary\">Om fotografen<\/h2><div class=\"aux-modern-heading-divider\"><\/div><\/div>\n        <\/section>\t\t\t\t<\/div>\n\t\t\t\t\t<\/div>\n\t\t\t\t<\/div>\n\t\t<div class=\"aux-parallax-section elementor-element elementor-element-22cf58b e-flex e-con-boxed e-con e-parent\" data-id=\"22cf58b\" data-element_type=\"container\" data-e-type=\"container\">\n\t\t\t\t\t<div class=\"e-con-inner\">\n\t\t\t\t<div class=\"elementor-element elementor-element-af73bb7 elementor-widget elementor-widget-image\" data-id=\"af73bb7\" data-element_type=\"widget\" data-e-type=\"widget\" data-widget_type=\"image.default\">\n\t\t\t\t\t\t\t\t\t\t\t\t<figure class=\"wp-caption\">\n\t\t\t\t\t\t\t\t\t\t<img decoding=\"async\" src=\"https:\/\/lkfoto.dk\/wp-content\/uploads\/2025\/12\/LK-Foto-Lars-Klindt-scaled.jpg\" title=\"LK Foto (Lars Klindt)\" alt=\"Lars Klindt ved Fils\u00f8 med mit Canon R5 Mark II kamera og RF 100-500 mm objektiv\" loading=\"lazy\" \/>\t\t\t\t\t\t\t\t\t\t\t<figcaption class=\"widget-image-caption wp-caption-text\">Lars Klindt ved Fils\u00f8 med mit Canon R5 Mark II kamera og RF 100-500 mm objektiv<\/figcaption>\n\t\t\t\t\t\t\t\t\t\t<\/figure>\n\t\t\t\t\t\t\t\t\t<\/div>\n\t\t\t\t\t<\/div>\n\t\t\t\t<\/div>\n\t\t<div class=\"aux-parallax-section elementor-element elementor-element-4b598ad e-grid e-con-boxed e-con e-parent\" data-id=\"4b598ad\" data-element_type=\"container\" data-e-type=\"container\">\n\t\t\t\t\t<div class=\"e-con-inner\">\n\t\t\t\t<div class=\"elementor-element elementor-element-e8765b7 elementor-widget elementor-widget-text-editor\" data-id=\"e8765b7\" data-element_type=\"widget\" data-e-type=\"widget\" data-widget_type=\"text-editor.default\">\n\t\t\t\t\t\t\t\t\t<p>Jeg bruger lidt af min fritid p\u00e5 at tage billeder, fordi jeg syntes det er sjovt, og samtidig er med til at give nogle gode naturoplevelser.<\/p><p>Jeg tager alle mine billeder i RAW-format. Herefter behandler jeg billederne i Adobe Photoshop eller Lightroom. Her nedskallere jeg typisk billederne til JPEG-format til brug for hjemmesiden.<\/p>\t\t\t\t\t\t\t\t<\/div>\n\t\t\t\t\t<\/div>\n\t\t\t\t<\/div>\n\t\t<div class=\"aux-parallax-section elementor-element elementor-element-6bda0c2 e-grid e-con-boxed e-con e-parent\" data-id=\"6bda0c2\" data-element_type=\"container\" data-e-type=\"container\">\n\t\t\t\t\t<div class=\"e-con-inner\">\n\t\t\t\t<div class=\"elementor-element elementor-element-7118174 elementor-widget elementor-widget-text-editor\" data-id=\"7118174\" data-element_type=\"widget\" data-e-type=\"widget\" data-widget_type=\"text-editor.default\">\n\t\t\t\t\t\t\t\t\t<p>Jeg har gennem tiden taget mine billeder med f\u00f8lgende kameraer:<\/p>\t\t\t\t\t\t\t\t<\/div>\n\t\t\t\t<div class=\"elementor-element elementor-element-25c70ed elementor-widget elementor-widget-text-editor\" data-id=\"25c70ed\" data-element_type=\"widget\" data-e-type=\"widget\" data-widget_type=\"text-editor.default\">\n\t\t\t\t\t\t\t\t\t<ul><li>Canon R5 Mark II (2025 &#8211; )<\/li><li>Canon 5D Mark IV (2016 &#8211; 2024)<\/li><li>Canon 5D Mark II (2011 &#8211; 2016)<\/li><\/ul>\t\t\t\t\t\t\t\t<\/div>\n\t\t\t\t\t<\/div>\n\t\t\t\t<\/div>\n\t\t<div class=\"aux-parallax-section elementor-element elementor-element-02ec054 e-grid e-con-boxed e-con e-parent\" data-id=\"02ec054\" data-element_type=\"container\" data-e-type=\"container\">\n\t\t\t\t\t<div class=\"e-con-inner\">\n\t\t\t\t<div class=\"elementor-element elementor-element-75f92fb elementor-widget elementor-widget-text-editor\" data-id=\"75f92fb\" data-element_type=\"widget\" data-e-type=\"widget\" data-widget_type=\"text-editor.default\">\n\t\t\t\t\t\t\t\t\t<p><span style=\"font-family: var( --e-global-typography-text-font-family ), Sans-serif; text-align: var(--text-align); font-size: 16.0016px;\">Min hjemmeside er opbygget s\u00e5 simpel som muligt. Da jeg h\u00e5ber p\u00e5, at dette giver st\u00f8rre fokus p\u00e5 selve billederne.<\/span><\/p><p>Hvis du \u00f8nsker et af mine billede, er du altid velkommen til at kontakte mig.<\/p>\t\t\t\t\t\t\t\t<\/div>\n\t\t\t\t\t<\/div>\n\t\t\t\t<\/div>\n\t\t<div class=\"aux-parallax-section elementor-element elementor-element-dd2f000 e-grid e-con-boxed e-con e-parent\" data-id=\"dd2f000\" data-element_type=\"container\" data-e-type=\"container\">\n\t\t\t\t\t<div class=\"e-con-inner\">\n\t\t\t\t<div class=\"elementor-element elementor-element-94c561f elementor-widget elementor-widget-image\" data-id=\"94c561f\" data-element_type=\"widget\" data-e-type=\"widget\" data-widget_type=\"image.default\">\n\t\t\t\t\t\t\t\t\t\t\t\t<figure class=\"wp-caption\">\n\t\t\t\t\t\t\t\t\t\t<img decoding=\"async\" src=\"https:\/\/lkfoto.dk\/wp-content\/uploads\/2026\/02\/Lars-ved-Esbjerg-Vandtaarn-den-24-02-2026-012669-scaled.jpg\" title=\"Esbjerg Vandt\u00e5rn\" alt=\"Fotografen ved Esbjerg Vandt\u00e5rn den 24.02.2026 p\u00e5 en t\u00e5get dag\" loading=\"lazy\" \/>\t\t\t\t\t\t\t\t\t\t\t<figcaption class=\"widget-image-caption wp-caption-text\">Fotografen ved Esbjerg Vandt\u00e5rn den 24.02.2026 p\u00e5 en t\u00e5get dag<\/figcaption>\n\t\t\t\t\t\t\t\t\t\t<\/figure>\n\t\t\t\t\t\t\t\t\t<\/div>\n\t\t\t\t\t<\/div>\n\t\t\t\t<\/div>\n\t\t\t\t<\/div>\n\t\t","protected":false},"excerpt":{"rendered":"<p>Om fotografen Lars Klindt ved Fils\u00f8 med mit Canon R5 Mark II kamera og RF 100-500 mm objektiv Jeg bruger lidt af min fritid p\u00e5 at tage billeder, fordi jeg syntes det er sjovt, og samtidig er med til at give nogle gode naturoplevelser. Jeg tager alle mine billeder i RAW-format. Herefter behandler jeg billederne [&hellip;]<\/p>\n","protected":false},"author":1,"featured_media":0,"parent":0,"menu_order":0,"comment_status":"closed","ping_status":"closed","template":"","meta":{"_eb_attr":"","footnotes":""},"class_list":["post-132","page","type-page","status-publish","hentry"],"_links":{"self":[{"href":"https:\/\/lkfoto.dk\/index.php?rest_route=\/wp\/v2\/pages\/132","targetHints":{"allow":["GET"]}}],"collection":[{"href":"https:\/\/lkfoto.dk\/index.php?rest_route=\/wp\/v2\/pages"}],"about":[{"href":"https:\/\/lkfoto.dk\/index.php?rest_route=\/wp\/v2\/types\/page"}],"author":[{"embeddable":true,"href":"https:\/\/lkfoto.dk\/index.php?rest_route=\/wp\/v2\/users\/1"}],"replies":[{"embeddable":true,"href":"https:\/\/lkfoto.dk\/index.php?rest_route=%2Fwp%2Fv2%2Fcomments&post=132"}],"version-history":[{"count":121,"href":"https:\/\/lkfoto.dk\/index.php?rest_route=\/wp\/v2\/pages\/132\/revisions"}],"predecessor-version":[{"id":976,"href":"https:\/\/lkfoto.dk\/index.php?rest_route=\/wp\/v2\/pages\/132\/revisions\/976"}],"wp:attachment":[{"href":"https:\/\/lkfoto.dk\/index.php?rest_route=%2Fwp%2Fv2%2Fmedia&parent=132"}],"curies":[{"name":"wp","href":"https:\/\/api.w.org\/{rel}","templated":true}]}}