{"id":315,"date":"2025-12-30T17:06:12","date_gmt":"2025-12-30T17:06:12","guid":{"rendered":"https:\/\/lkfoto.dk\/?page_id=315"},"modified":"2026-03-28T09:16:43","modified_gmt":"2026-03-28T09:16:43","slug":"fanoe","status":"publish","type":"page","link":"https:\/\/lkfoto.dk\/?page_id=315","title":{"rendered":"Fan\u00f8"},"content":{"rendered":"\t\t<div data-elementor-type=\"wp-page\" data-elementor-id=\"315\" class=\"elementor elementor-315\">\n\t\t\t\t<div class=\"aux-parallax-section elementor-element elementor-element-ba209b0 e-grid e-con-boxed e-con e-parent\" data-id=\"ba209b0\" data-element_type=\"container\" data-e-type=\"container\">\n\t\t\t\t\t<div class=\"e-con-inner\">\n\t\t\t\t<div class=\"elementor-element elementor-element-964799f elementor-widget elementor-widget-aux_modern_heading\" data-id=\"964799f\" data-element_type=\"widget\" data-e-type=\"widget\" data-widget_type=\"aux_modern_heading.default\">\n\t\t\t\t\t<section class=\"aux-widget-modern-heading\">\n            <div class=\"aux-widget-inner\"><h2 class=\"aux-modern-heading-primary\">Fan\u00f8<\/h2><div class=\"aux-modern-heading-divider\"><\/div><\/div>\n        <\/section>\t\t\t\t<\/div>\n\t\t\t\t\t<\/div>\n\t\t\t\t<\/div>\n\t\t<div class=\"aux-parallax-section elementor-element elementor-element-9c4d70e e-grid e-con-boxed e-con e-parent\" data-id=\"9c4d70e\" data-element_type=\"container\" data-e-type=\"container\">\n\t\t\t\t\t<div class=\"e-con-inner\">\n\t\t\t\t<div class=\"elementor-element elementor-element-35273d4 elementor-widget elementor-widget-aux-gallery\" data-id=\"35273d4\" data-element_type=\"widget\" data-e-type=\"widget\" data-widget_type=\"aux-gallery.default\">\n\t\t\t\t\t<section class=\"widget-container aux-widget-gallery aux-parent-auc0c8bfa0\"><div id='aux-gallery-1' class='aux-gallery galleryid-315 gallery-columns-4 aux-lightbox-gallery'><div class=\"aux-gallery-container aux-isotope-animated aux-row aux-de-col4 aux-tb-col2 aux-mb-col1 elementor-clickable aux-no-gutter aux-layout-masonry\"  data-pagination=\"false\" data-lazyload=\"false\" data-perpage=\"24\" data-layout=\"masonry\" data-space=\"10\" >    <figure class=\"gallery-item aux-hover-active aux-iso-item aux-col \">\n            <div class=\"aux-frame-mask-plain \">\n                <a href=\"https:\/\/lkfoto.dk\/wp-content\/uploads\/2026\/03\/Blokart-paa-Fanoe-den-27-03-2026-015789-scaled.jpg\" class=\"aux-frame-ratio-inner aux-frame-darken aux-lightbox-btn \" data-elementor-open-lightbox=\"no\" data-original-width=\"2560\" data-original-height=\"1708\" data-caption=\"Blokart p\u00e5 Fan\u00f8 den 27.03.2026\">\n                                <div class=\"aux-hover-scale-circle-plus\">\n                        <span class=\"aux-symbol-plus\"><\/span>\n                        <span class=\"aux-symbol-circle\"><\/span>\n                    <\/div>\n                        <img decoding=\"async\" src=\"https:\/\/lkfoto.dk\/wp-content\/uploads\/2026\/03\/Blokart-paa-Fanoe-den-27-03-2026-015789-scaled.jpg\" class=\"aux-attachment aux-featured-image attachment-300x300 aux-attachment-id-1012 \" alt=\"Blokart p\u00e5 Fan\u00f8 den 27.03.2026\" srcset=\"https:\/\/lkfoto.dk\/wp-content\/uploads\/2026\/03\/Blokart-paa-Fanoe-den-27-03-2026-015789-scaled-280x187.jpg 280w,https:\/\/lkfoto.dk\/wp-content\/uploads\/2026\/03\/Blokart-paa-Fanoe-den-27-03-2026-015789-scaled-560x374.jpg 560w,https:\/\/lkfoto.dk\/wp-content\/uploads\/2026\/03\/Blokart-paa-Fanoe-den-27-03-2026-015789-scaled-1120x747.jpg 1120w,https:\/\/lkfoto.dk\/wp-content\/uploads\/2026\/03\/Blokart-paa-Fanoe-den-27-03-2026-015789-scaled.jpg 300w,https:\/\/lkfoto.dk\/wp-content\/uploads\/2026\/03\/Blokart-paa-Fanoe-den-27-03-2026-015789-scaled-2550x2550.jpg 2550w\" data-ratio=\"1\" data-original-w=\"2560\" sizes=\"(max-width:767px) 100vw,(min-width:768px) and (max-width:1025px) 50vw,280px\" \/>                <\/a>\n            <\/div>\n                <\/figure>\n    <figure class=\"gallery-item aux-hover-active aux-iso-item aux-col \">\n            <div class=\"aux-frame-mask-plain \">\n                <a href=\"https:\/\/lkfoto.dk\/wp-content\/uploads\/2026\/03\/Soenderho-Moelle-paa-Fanoe-den-27-03-2026-v1-016209.jpg\" class=\"aux-frame-ratio-inner aux-frame-darken aux-lightbox-btn \" data-elementor-open-lightbox=\"no\" data-original-width=\"1433\" data-original-height=\"2160\" data-caption=\"S\u00f8nderho M\u00f8lle p\u00e5 Fan\u00f8 den 27.03.2026\">\n                                <div class=\"aux-hover-scale-circle-plus\">\n                        <span class=\"aux-symbol-plus\"><\/span>\n                        <span class=\"aux-symbol-circle\"><\/span>\n                    <\/div>\n                        <img decoding=\"async\" src=\"https:\/\/lkfoto.dk\/wp-content\/uploads\/2026\/03\/Soenderho-Moelle-paa-Fanoe-den-27-03-2026-v1-016209.jpg\" class=\"aux-attachment aux-featured-image attachment-300x300 aux-attachment-id-1016 \" alt=\"S\u00f8nderho M\u00f8lle p\u00e5 Fan\u00f8 den 27.03.2026\" srcset=\"https:\/\/lkfoto.dk\/wp-content\/uploads\/2026\/03\/Soenderho-Moelle-paa-Fanoe-den-27-03-2026-v1-016209-280x422.jpg 280w,https:\/\/lkfoto.dk\/wp-content\/uploads\/2026\/03\/Soenderho-Moelle-paa-Fanoe-den-27-03-2026-v1-016209-560x844.jpg 560w,https:\/\/lkfoto.dk\/wp-content\/uploads\/2026\/03\/Soenderho-Moelle-paa-Fanoe-den-27-03-2026-v1-016209-1120x1688.jpg 1120w,https:\/\/lkfoto.dk\/wp-content\/uploads\/2026\/03\/Soenderho-Moelle-paa-Fanoe-den-27-03-2026-v1-016209.jpg 300w,https:\/\/lkfoto.dk\/wp-content\/uploads\/2026\/03\/Soenderho-Moelle-paa-Fanoe-den-27-03-2026-v1-016209-1423x1423.jpg 1423w\" data-ratio=\"1\" data-original-w=\"1433\" sizes=\"(max-width:767px) 100vw,(min-width:768px) and (max-width:1025px) 50vw,280px\" \/>                <\/a>\n            <\/div>\n                <\/figure>\n    <figure class=\"gallery-item aux-hover-active aux-iso-item aux-col \">\n            <div class=\"aux-frame-mask-plain \">\n                <a href=\"https:\/\/lkfoto.dk\/wp-content\/uploads\/2026\/03\/Vibe-paa-Fanoe-den-27-03-2026-v2-016144-scaled.jpg\" class=\"aux-frame-ratio-inner aux-frame-darken aux-lightbox-btn \" data-elementor-open-lightbox=\"no\" data-original-width=\"2560\" data-original-height=\"1708\" data-caption=\"Vibe ved S\u00f8nderho p\u00e5 Fan\u00f8 den 27.03.2026\">\n                                <div class=\"aux-hover-scale-circle-plus\">\n                        <span class=\"aux-symbol-plus\"><\/span>\n                        <span class=\"aux-symbol-circle\"><\/span>\n                    <\/div>\n                        <img decoding=\"async\" src=\"https:\/\/lkfoto.dk\/wp-content\/uploads\/2026\/03\/Vibe-paa-Fanoe-den-27-03-2026-v2-016144-scaled.jpg\" class=\"aux-attachment aux-featured-image attachment-300x300 aux-attachment-id-1018 \" alt=\"Vibe ved S\u00f8nderho p\u00e5 Fan\u00f8 den 27.03.2026\" srcset=\"https:\/\/lkfoto.dk\/wp-content\/uploads\/2026\/03\/Vibe-paa-Fanoe-den-27-03-2026-v2-016144-scaled-280x187.jpg 280w,https:\/\/lkfoto.dk\/wp-content\/uploads\/2026\/03\/Vibe-paa-Fanoe-den-27-03-2026-v2-016144-scaled-560x374.jpg 560w,https:\/\/lkfoto.dk\/wp-content\/uploads\/2026\/03\/Vibe-paa-Fanoe-den-27-03-2026-v2-016144-scaled-1120x747.jpg 1120w,https:\/\/lkfoto.dk\/wp-content\/uploads\/2026\/03\/Vibe-paa-Fanoe-den-27-03-2026-v2-016144-scaled.jpg 300w,https:\/\/lkfoto.dk\/wp-content\/uploads\/2026\/03\/Vibe-paa-Fanoe-den-27-03-2026-v2-016144-scaled-2550x2550.jpg 2550w\" data-ratio=\"1\" data-original-w=\"2560\" sizes=\"(max-width:767px) 100vw,(min-width:768px) and (max-width:1025px) 50vw,280px\" \/>                <\/a>\n            <\/div>\n                <\/figure>\n    <figure class=\"gallery-item aux-hover-active aux-iso-item aux-col \">\n            <div class=\"aux-frame-mask-plain \">\n                <a href=\"https:\/\/lkfoto.dk\/wp-content\/uploads\/2026\/03\/Stubbe-paa-Fanoe-den-27-03-2026-016092-scaled.jpg\" class=\"aux-frame-ratio-inner aux-frame-darken aux-lightbox-btn \" data-elementor-open-lightbox=\"no\" data-original-width=\"2560\" data-original-height=\"1708\" data-caption=\"Stuppe p\u00e5 H\u00f8nen, Fan\u00f8 den 27.03.2026\">\n                                <div class=\"aux-hover-scale-circle-plus\">\n                        <span class=\"aux-symbol-plus\"><\/span>\n                        <span class=\"aux-symbol-circle\"><\/span>\n                    <\/div>\n                        <img decoding=\"async\" src=\"https:\/\/lkfoto.dk\/wp-content\/uploads\/2026\/03\/Stubbe-paa-Fanoe-den-27-03-2026-016092-scaled.jpg\" class=\"aux-attachment aux-featured-image attachment-300x300 aux-attachment-id-1014 \" alt=\"Stuppe p\u00e5 H\u00f8nen, Fan\u00f8 den 27.03.2026\" srcset=\"https:\/\/lkfoto.dk\/wp-content\/uploads\/2026\/03\/Stubbe-paa-Fanoe-den-27-03-2026-016092-scaled-280x187.jpg 280w,https:\/\/lkfoto.dk\/wp-content\/uploads\/2026\/03\/Stubbe-paa-Fanoe-den-27-03-2026-016092-scaled-560x374.jpg 560w,https:\/\/lkfoto.dk\/wp-content\/uploads\/2026\/03\/Stubbe-paa-Fanoe-den-27-03-2026-016092-scaled-1120x747.jpg 1120w,https:\/\/lkfoto.dk\/wp-content\/uploads\/2026\/03\/Stubbe-paa-Fanoe-den-27-03-2026-016092-scaled.jpg 300w,https:\/\/lkfoto.dk\/wp-content\/uploads\/2026\/03\/Stubbe-paa-Fanoe-den-27-03-2026-016092-scaled-2550x2550.jpg 2550w\" data-ratio=\"1\" data-original-w=\"2560\" sizes=\"(max-width:767px) 100vw,(min-width:768px) and (max-width:1025px) 50vw,280px\" \/>                <\/a>\n            <\/div>\n                <\/figure>\n    <figure class=\"gallery-item aux-hover-active aux-iso-item aux-col \">\n            <div class=\"aux-frame-mask-plain \">\n                <a href=\"https:\/\/lkfoto.dk\/wp-content\/uploads\/2026\/03\/Musling-paa-Fanoe-den-27-03-2026-v2-016046-scaled.jpg\" class=\"aux-frame-ratio-inner aux-frame-darken aux-lightbox-btn \" data-elementor-open-lightbox=\"no\" data-original-width=\"2560\" data-original-height=\"1708\" data-caption=\"Muslingeskal p\u00e5 H\u00f8nen, Fan\u00f8 den 27.03.2026\">\n                                <div class=\"aux-hover-scale-circle-plus\">\n                        <span class=\"aux-symbol-plus\"><\/span>\n                        <span class=\"aux-symbol-circle\"><\/span>\n                    <\/div>\n                        <img decoding=\"async\" src=\"https:\/\/lkfoto.dk\/wp-content\/uploads\/2026\/03\/Musling-paa-Fanoe-den-27-03-2026-v2-016046-scaled.jpg\" class=\"aux-attachment aux-featured-image attachment-300x300 aux-attachment-id-1020 \" alt=\"Muslingeskal p\u00e5 H\u00f8nen, Fan\u00f8 den 27.03.2026\" srcset=\"https:\/\/lkfoto.dk\/wp-content\/uploads\/2026\/03\/Musling-paa-Fanoe-den-27-03-2026-v2-016046-scaled-280x187.jpg 280w,https:\/\/lkfoto.dk\/wp-content\/uploads\/2026\/03\/Musling-paa-Fanoe-den-27-03-2026-v2-016046-scaled-560x374.jpg 560w,https:\/\/lkfoto.dk\/wp-content\/uploads\/2026\/03\/Musling-paa-Fanoe-den-27-03-2026-v2-016046-scaled-1120x747.jpg 1120w,https:\/\/lkfoto.dk\/wp-content\/uploads\/2026\/03\/Musling-paa-Fanoe-den-27-03-2026-v2-016046-scaled.jpg 300w,https:\/\/lkfoto.dk\/wp-content\/uploads\/2026\/03\/Musling-paa-Fanoe-den-27-03-2026-v2-016046-scaled-2550x2550.jpg 2550w\" data-ratio=\"1\" data-original-w=\"2560\" sizes=\"(max-width:767px) 100vw,(min-width:768px) and (max-width:1025px) 50vw,280px\" \/>                <\/a>\n            <\/div>\n                <\/figure>\n    <figure class=\"gallery-item aux-hover-active aux-iso-item aux-col \">\n            <div class=\"aux-frame-mask-plain \">\n                <a href=\"https:\/\/lkfoto.dk\/wp-content\/uploads\/2026\/03\/Rytter-paa-Fanoe-den-27-03-2026-v2-015993.jpg\" class=\"aux-frame-ratio-inner aux-frame-darken aux-lightbox-btn \" data-elementor-open-lightbox=\"no\" data-original-width=\"1441\" data-original-height=\"2160\" data-caption=\"Rytter p\u00e5 S\u00f8nderho p\u00e5 Fan\u00f8 den 27.03.2026\">\n                                <div class=\"aux-hover-scale-circle-plus\">\n                        <span class=\"aux-symbol-plus\"><\/span>\n                        <span class=\"aux-symbol-circle\"><\/span>\n                    <\/div>\n                        <img decoding=\"async\" src=\"https:\/\/lkfoto.dk\/wp-content\/uploads\/2026\/03\/Rytter-paa-Fanoe-den-27-03-2026-v2-015993.jpg\" class=\"aux-attachment aux-featured-image attachment-300x300 aux-attachment-id-1013 \" alt=\"Rytter p\u00e5 S\u00f8nderho p\u00e5 Fan\u00f8 den 27.03.2026\" srcset=\"https:\/\/lkfoto.dk\/wp-content\/uploads\/2026\/03\/Rytter-paa-Fanoe-den-27-03-2026-v2-015993-280x420.jpg 280w,https:\/\/lkfoto.dk\/wp-content\/uploads\/2026\/03\/Rytter-paa-Fanoe-den-27-03-2026-v2-015993-560x839.jpg 560w,https:\/\/lkfoto.dk\/wp-content\/uploads\/2026\/03\/Rytter-paa-Fanoe-den-27-03-2026-v2-015993-1120x1679.jpg 1120w,https:\/\/lkfoto.dk\/wp-content\/uploads\/2026\/03\/Rytter-paa-Fanoe-den-27-03-2026-v2-015993.jpg 300w,https:\/\/lkfoto.dk\/wp-content\/uploads\/2026\/03\/Rytter-paa-Fanoe-den-27-03-2026-v2-015993-1431x1431.jpg 1431w\" data-ratio=\"1\" data-original-w=\"1441\" sizes=\"(max-width:767px) 100vw,(min-width:768px) and (max-width:1025px) 50vw,280px\" \/>                <\/a>\n            <\/div>\n                <\/figure>\n    <figure class=\"gallery-item aux-hover-active aux-iso-item aux-col \">\n            <div class=\"aux-frame-mask-plain \">\n                <a href=\"https:\/\/lkfoto.dk\/wp-content\/uploads\/2026\/03\/Sanglaerke-paa-Fanoe-den-27-03-2026-v2-015914.jpg\" class=\"aux-frame-ratio-inner aux-frame-darken aux-lightbox-btn \" data-elementor-open-lightbox=\"no\" data-original-width=\"1441\" data-original-height=\"2160\" data-caption=\"Fugl p\u00e5 Fan\u00f8 den 27.03.2026\">\n                                <div class=\"aux-hover-scale-circle-plus\">\n                        <span class=\"aux-symbol-plus\"><\/span>\n                        <span class=\"aux-symbol-circle\"><\/span>\n                    <\/div>\n                        <img decoding=\"async\" src=\"https:\/\/lkfoto.dk\/wp-content\/uploads\/2026\/03\/Sanglaerke-paa-Fanoe-den-27-03-2026-v2-015914.jpg\" class=\"aux-attachment aux-featured-image attachment-300x300 aux-attachment-id-1019 \" alt=\"Fugl p\u00e5 Fan\u00f8 den 27.03.2026\" srcset=\"https:\/\/lkfoto.dk\/wp-content\/uploads\/2026\/03\/Sanglaerke-paa-Fanoe-den-27-03-2026-v2-015914-280x420.jpg 280w,https:\/\/lkfoto.dk\/wp-content\/uploads\/2026\/03\/Sanglaerke-paa-Fanoe-den-27-03-2026-v2-015914-560x839.jpg 560w,https:\/\/lkfoto.dk\/wp-content\/uploads\/2026\/03\/Sanglaerke-paa-Fanoe-den-27-03-2026-v2-015914-1120x1679.jpg 1120w,https:\/\/lkfoto.dk\/wp-content\/uploads\/2026\/03\/Sanglaerke-paa-Fanoe-den-27-03-2026-v2-015914.jpg 300w,https:\/\/lkfoto.dk\/wp-content\/uploads\/2026\/03\/Sanglaerke-paa-Fanoe-den-27-03-2026-v2-015914-1431x1431.jpg 1431w\" data-ratio=\"1\" data-original-w=\"1441\" sizes=\"(max-width:767px) 100vw,(min-width:768px) and (max-width:1025px) 50vw,280px\" \/>                <\/a>\n            <\/div>\n                <\/figure>\n    <figure class=\"gallery-item aux-hover-active aux-iso-item aux-col \">\n            <div class=\"aux-frame-mask-plain \">\n                <a href=\"https:\/\/lkfoto.dk\/wp-content\/uploads\/2026\/03\/Tyr-paa-Fanoe-den-27-03-2026-v2-015951-scaled.jpg\" class=\"aux-frame-ratio-inner aux-frame-darken aux-lightbox-btn \" data-elementor-open-lightbox=\"no\" data-original-width=\"2560\" data-original-height=\"1708\" data-caption=\"Tyr p\u00e5 Fan\u00f8 den 27.03.2026\">\n                                <div class=\"aux-hover-scale-circle-plus\">\n                        <span class=\"aux-symbol-plus\"><\/span>\n                        <span class=\"aux-symbol-circle\"><\/span>\n                    <\/div>\n                        <img decoding=\"async\" src=\"https:\/\/lkfoto.dk\/wp-content\/uploads\/2026\/03\/Tyr-paa-Fanoe-den-27-03-2026-v2-015951-scaled.jpg\" class=\"aux-attachment aux-featured-image attachment-300x300 aux-attachment-id-1017 \" alt=\"Tyr p\u00e5 Fan\u00f8 den 27.03.2026\" srcset=\"https:\/\/lkfoto.dk\/wp-content\/uploads\/2026\/03\/Tyr-paa-Fanoe-den-27-03-2026-v2-015951-scaled-280x187.jpg 280w,https:\/\/lkfoto.dk\/wp-content\/uploads\/2026\/03\/Tyr-paa-Fanoe-den-27-03-2026-v2-015951-scaled-560x374.jpg 560w,https:\/\/lkfoto.dk\/wp-content\/uploads\/2026\/03\/Tyr-paa-Fanoe-den-27-03-2026-v2-015951-scaled-1120x747.jpg 1120w,https:\/\/lkfoto.dk\/wp-content\/uploads\/2026\/03\/Tyr-paa-Fanoe-den-27-03-2026-v2-015951-scaled.jpg 300w,https:\/\/lkfoto.dk\/wp-content\/uploads\/2026\/03\/Tyr-paa-Fanoe-den-27-03-2026-v2-015951-scaled-2550x2550.jpg 2550w\" data-ratio=\"1\" data-original-w=\"2560\" sizes=\"(max-width:767px) 100vw,(min-width:768px) and (max-width:1025px) 50vw,280px\" \/>                <\/a>\n            <\/div>\n                <\/figure>\n    <figure class=\"gallery-item aux-hover-active aux-iso-item aux-col \">\n            <div class=\"aux-frame-mask-plain \">\n                <a href=\"https:\/\/lkfoto.dk\/wp-content\/uploads\/2026\/03\/Sael-paa-Fanoe-den-27-03-2026-015485-scaled.jpg\" class=\"aux-frame-ratio-inner aux-frame-darken aux-lightbox-btn \" data-elementor-open-lightbox=\"no\" data-original-width=\"2560\" data-original-height=\"1708\" data-caption=\"S\u00e6l i Nordby p\u00e5 Fan\u00f8 den 27.03.2026\">\n                                <div class=\"aux-hover-scale-circle-plus\">\n                        <span class=\"aux-symbol-plus\"><\/span>\n                        <span class=\"aux-symbol-circle\"><\/span>\n                    <\/div>\n                        <img decoding=\"async\" src=\"https:\/\/lkfoto.dk\/wp-content\/uploads\/2026\/03\/Sael-paa-Fanoe-den-27-03-2026-015485-scaled.jpg\" class=\"aux-attachment aux-featured-image attachment-300x300 aux-attachment-id-1015 \" alt=\"S\u00e6l i Nordby p\u00e5 Fan\u00f8 den 27.03.2026\" srcset=\"https:\/\/lkfoto.dk\/wp-content\/uploads\/2026\/03\/Sael-paa-Fanoe-den-27-03-2026-015485-scaled-280x187.jpg 280w,https:\/\/lkfoto.dk\/wp-content\/uploads\/2026\/03\/Sael-paa-Fanoe-den-27-03-2026-015485-scaled-560x374.jpg 560w,https:\/\/lkfoto.dk\/wp-content\/uploads\/2026\/03\/Sael-paa-Fanoe-den-27-03-2026-015485-scaled-1120x747.jpg 1120w,https:\/\/lkfoto.dk\/wp-content\/uploads\/2026\/03\/Sael-paa-Fanoe-den-27-03-2026-015485-scaled.jpg 300w,https:\/\/lkfoto.dk\/wp-content\/uploads\/2026\/03\/Sael-paa-Fanoe-den-27-03-2026-015485-scaled-2550x2550.jpg 2550w\" data-ratio=\"1\" data-original-w=\"2560\" sizes=\"(max-width:767px) 100vw,(min-width:768px) and (max-width:1025px) 50vw,280px\" \/>                <\/a>\n            <\/div>\n                <\/figure>\n    <figure class=\"gallery-item aux-hover-active aux-iso-item aux-col \">\n            <div class=\"aux-frame-mask-plain \">\n                <a href=\"https:\/\/lkfoto.dk\/wp-content\/uploads\/2025\/12\/Vindmoellerne-paa-Fanoe-den-29-12-2025-008705-scaled.jpg\" class=\"aux-frame-ratio-inner aux-frame-darken aux-lightbox-btn \" data-elementor-open-lightbox=\"no\" data-original-width=\"2560\" data-original-height=\"1708\" data-caption=\"Vindm\u00f8llerne p\u00e5 Fan\u00f8 set fra Esbjerg Havn den 30.12.2025\">\n                                <div class=\"aux-hover-scale-circle-plus\">\n                        <span class=\"aux-symbol-plus\"><\/span>\n                        <span class=\"aux-symbol-circle\"><\/span>\n                    <\/div>\n                        <img decoding=\"async\" src=\"https:\/\/lkfoto.dk\/wp-content\/uploads\/2025\/12\/Vindmoellerne-paa-Fanoe-den-29-12-2025-008705-scaled.jpg\" class=\"aux-attachment aux-featured-image attachment-300x300 aux-attachment-id-323 \" alt=\"Vindm\u00f8llerne p\u00e5 Fan\u00f8 set fra Esbjerg Havn den 30.12.2025\" srcset=\"https:\/\/lkfoto.dk\/wp-content\/uploads\/2025\/12\/Vindmoellerne-paa-Fanoe-den-29-12-2025-008705-scaled-280x187.jpg 280w,https:\/\/lkfoto.dk\/wp-content\/uploads\/2025\/12\/Vindmoellerne-paa-Fanoe-den-29-12-2025-008705-scaled-560x374.jpg 560w,https:\/\/lkfoto.dk\/wp-content\/uploads\/2025\/12\/Vindmoellerne-paa-Fanoe-den-29-12-2025-008705-scaled-1120x747.jpg 1120w,https:\/\/lkfoto.dk\/wp-content\/uploads\/2025\/12\/Vindmoellerne-paa-Fanoe-den-29-12-2025-008705-scaled.jpg 300w,https:\/\/lkfoto.dk\/wp-content\/uploads\/2025\/12\/Vindmoellerne-paa-Fanoe-den-29-12-2025-008705-scaled-2550x2550.jpg 2550w\" data-ratio=\"1\" data-original-w=\"2560\" sizes=\"(max-width:767px) 100vw,(min-width:768px) and (max-width:1025px) 50vw,280px\" \/>                <\/a>\n            <\/div>\n                <\/figure>\n<\/div><\/div><\/section><!-- widget-container --><style>.aux-parent-auc0c8bfa0 .aux-frame-ratio { padding-bottom:0% }<\/style>\t\t\t\t<\/div>\n\t\t\t\t\t<\/div>\n\t\t\t\t<\/div>\n\t\t\t\t<\/div>\n\t\t","protected":false},"excerpt":{"rendered":"<p>Fan\u00f8<\/p>\n","protected":false},"author":1,"featured_media":0,"parent":0,"menu_order":0,"comment_status":"closed","ping_status":"closed","template":"","meta":{"_eb_attr":"","footnotes":""},"class_list":["post-315","page","type-page","status-publish","hentry"],"_links":{"self":[{"href":"https:\/\/lkfoto.dk\/index.php?rest_route=\/wp\/v2\/pages\/315","targetHints":{"allow":["GET"]}}],"collection":[{"href":"https:\/\/lkfoto.dk\/index.php?rest_route=\/wp\/v2\/pages"}],"about":[{"href":"https:\/\/lkfoto.dk\/index.php?rest_route=\/wp\/v2\/types\/page"}],"author":[{"embeddable":true,"href":"https:\/\/lkfoto.dk\/index.php?rest_route=\/wp\/v2\/users\/1"}],"replies":[{"embeddable":true,"href":"https:\/\/lkfoto.dk\/index.php?rest_route=%2Fwp%2Fv2%2Fcomments&post=315"}],"version-history":[{"count":32,"href":"https:\/\/lkfoto.dk\/index.php?rest_route=\/wp\/v2\/pages\/315\/revisions"}],"predecessor-version":[{"id":1026,"href":"https:\/\/lkfoto.dk\/index.php?rest_route=\/wp\/v2\/pages\/315\/revisions\/1026"}],"wp:attachment":[{"href":"https:\/\/lkfoto.dk\/index.php?rest_route=%2Fwp%2Fv2%2Fmedia&parent=315"}],"curies":[{"name":"wp","href":"https:\/\/api.w.org\/{rel}","templated":true}]}}